{"id":10217,"date":"2024-08-08T08:11:13","date_gmt":"2024-08-08T08:11:13","guid":{"rendered":"https:\/\/travelwp.physcode.com\/main-demo\/?post_type=product&#038;p=10217"},"modified":"2025-05-24T10:33:48","modified_gmt":"2025-05-24T10:33:48","slug":"eskuvore-buszberles","status":"publish","type":"product","link":"https:\/\/susitranszfer.hu\/kirandulasok\/eskuvore-buszberles","title":{"rendered":"Esk\u00fcv\u0151re Buszb\u00e9rl\u00e9s"},"content":{"rendered":"<p>60.000Ft \/ aut\u00f3 + \u00fczemanyag<\/p>\n<p>&nbsp;<\/p>\n<div class=\"tour-content-add-information\">\n<div class=\"tour-content-add-information\">\n<h4 id=\"additional-info\">Tov\u00e1bbi inform\u00e1ci\u00f3k<\/h4>\n<ul style=\"column-count: 2;\">\n<li>A visszaigazol\u00e1st a munkat\u00e1rsunk \u00e1ltal visszaigazolt emailben kapj\u00e1k meg!<\/li>\n<li>B\u00e9k\u00e9scsaba 30km-es k\u00f6rzet\u00e9ben mindenkit h\u00e1zn\u00e1l vesz\u00fcnk fel!<\/li>\n<li>Nincsenek fix meg\u00e1ll\u00f3ink kik\u00f6tve, utasaink k\u00e9r\u00e9s\u00e9re \u00e1llunk meg mosd\u00f3ra.<\/li>\n<\/ul>\n<\/div>\n<\/div>","protected":false},"excerpt":{"rendered":"<p>60.000Ft \/ aut\u00f3 + \u00fczemanyag<br \/>\n&nbsp;<\/p>\n<p>\nTov\u00e1bbi inform\u00e1ci\u00f3k<\/p>\n<p>A visszaigazol\u00e1st a munkat\u00e1rsunk \u00e1ltal visszaigazolt emailben kapj\u00e1k meg!<br \/>\nB\u00e9k\u00e9scsaba 30km-es k\u00f6rzet\u00e9ben mindenkit h\u00e1zn\u00e1l vesz\u00fcnk fel!<br \/>\nNincsenek fix meg\u00e1ll\u00f3ink <\/p>","protected":false},"featured_media":11818,"comment_status":"open","ping_status":"closed","template":"","meta":{"om_disable_all_campaigns":false,"_monsterinsights_skip_tracking":false,"_monsterinsights_sitenote_active":false,"_monsterinsights_sitenote_note":"","_monsterinsights_sitenote_category":0},"product_brand":[],"product_cat":[],"product_tag":[],"class_list":{"0":"post-10217","1":"product","2":"type-product","3":"status-publish","4":"has-post-thumbnail","6":"tour_phys-eskuvore-buszberles","7":"pa_destination-buszjegy-gororgorszagba","8":"pa_destination-eskuvore-buszberles","9":"pa_month-january","10":"pa_month-february","11":"pa_month-march","12":"pa_month-april","13":"pa_month-may","14":"pa_month-june","15":"pa_month-july","16":"pa_month-august","17":"pa_month-september","18":"pa_month-october","19":"pa_month-november","20":"pa_month-december","22":"first","23":"instock","24":"taxable","25":"shipping-taxable","26":"purchasable","27":"product-type-tour_phys"},"aioseo_notices":[],"jetpack_sharing_enabled":true,"_links":{"self":[{"href":"https:\/\/susitranszfer.hu\/hu\/wp-json\/wp\/v2\/product\/10217","targetHints":{"allow":["GET"]}}],"collection":[{"href":"https:\/\/susitranszfer.hu\/hu\/wp-json\/wp\/v2\/product"}],"about":[{"href":"https:\/\/susitranszfer.hu\/hu\/wp-json\/wp\/v2\/types\/product"}],"replies":[{"embeddable":true,"href":"https:\/\/susitranszfer.hu\/hu\/wp-json\/wp\/v2\/comments?post=10217"}],"wp:featuredmedia":[{"embeddable":true,"href":"https:\/\/susitranszfer.hu\/hu\/wp-json\/wp\/v2\/media\/11818"}],"wp:attachment":[{"href":"https:\/\/susitranszfer.hu\/hu\/wp-json\/wp\/v2\/media?parent=10217"}],"wp:term":[{"taxonomy":"product_brand","embeddable":true,"href":"https:\/\/susitranszfer.hu\/hu\/wp-json\/wp\/v2\/product_brand?post=10217"},{"taxonomy":"product_cat","embeddable":true,"href":"https:\/\/susitranszfer.hu\/hu\/wp-json\/wp\/v2\/product_cat?post=10217"},{"taxonomy":"product_tag","embeddable":true,"href":"https:\/\/susitranszfer.hu\/hu\/wp-json\/wp\/v2\/product_tag?post=10217"}],"curies":[{"name":"wp","href":"https:\/\/api.w.org\/{rel}","templated":true}]}}