{"id":10214,"date":"2024-08-13T02:55:52","date_gmt":"2024-08-13T02:55:52","guid":{"rendered":"https:\/\/travelwp.physcode.com\/main-demo\/?post_type=product&#038;p=10214"},"modified":"2025-04-25T19:31:02","modified_gmt":"2025-04-25T19:31:02","slug":"vangelis-apartman-nea-vrazna","status":"publish","type":"product","link":"https:\/\/susitranszfer.hu\/kirandulasok\/vangelis-apartman-nea-vrazna","title":{"rendered":"Vangelis Apartman &#8211; N\u00e9a Vrazn\u00e1"},"content":{"rendered":"<p class=\"\" data-start=\"0\" data-end=\"493\">A Vangelis apartmanjai l\u00e9gkondicion\u00e1ltak, t\u00e1gas erk\u00e9lyeikr\u0151l pedig leny\u0171g\u00f6z\u0151 kil\u00e1t\u00e1s ny\u00edlik a tengerre. Az apartmanok teljesen felszerelt konyh\u00e1val rendelkeznek, ahol minden adott a k\u00e9nyelmes f\u0151z\u00e9shez, valamint saj\u00e1t f\u00fcrd\u0151szob\u00e1val, amely ingyenes piperecikkekkel van ell\u00e1tva. Minden sz\u00e1ll\u00e1shoz tartozik egy terasz \u00e9s egy nyitott fed\u00e9lzet is, ahonnan a hegyek fest\u0151i l\u00e1tv\u00e1ny\u00e1ban gy\u00f6ny\u00f6rk\u00f6dhet. A vend\u00e9gek k\u00e9nyelm\u00e9t \u00e1gynem\u0171 \u00e9s t\u00f6r\u00f6lk\u00f6z\u0151 is szolg\u00e1lja, hogy a tart\u00f3zkod\u00e1s m\u00e9g kellemesebb legyen.<\/p>\n<p class=\"\" data-start=\"495\" data-end=\"920\">A sz\u00e1ll\u00e1shely csal\u00e1dbar\u00e1t, \u00edgy a gyermekeket is szeretettel v\u00e1rj\u00e1k. A kis vend\u00e9geket egy j\u00e1tsz\u00f3t\u00e9r is v\u00e1rja, ahol kedv\u00fckre sz\u00f3rakozhatnak. A term\u00e9szet szerelmesei sz\u00e1m\u00e1ra a k\u00f6rny\u00e9k ide\u00e1lis kir\u00e1ndul\u00f3helyeket \u00e9s t\u00fara\u00fatvonalakat k\u00edn\u00e1l. Akik pedig a tengerparti pihen\u00e9st r\u00e9szes\u00edtik el\u0151nyben, a k\u00f6zelben tal\u00e1lhat\u00f3 Nea Vrasna Beach, Asprovalta Beach \u00e9s Vrasna Beach partszakaszain \u00e9lvezhetik a napf\u00e9nyt \u00e9s a krist\u00e1lytiszta vizet.<\/p>\n<p class=\"\" data-start=\"922\" data-end=\"1329\">A vend\u00e9gek k\u00e9nyelme \u00e9rdek\u00e9ben a sz\u00e1ll\u00e1shely rept\u00e9ri transzfert \u00e9s aut\u00f3k\u00f6lcs\u00f6nz\u00e9si lehet\u0151s\u00e9get is biztos\u00edt. Thesszaloniki rep\u00fcl\u0151tere mind\u00f6ssze 96 kilom\u00e9terre tal\u00e1lhat\u00f3, \u00edgy a Vangelis apartmanok k\u00e9nyelmesen megk\u00f6zel\u00edthet\u0151k l\u00e9gi \u00faton is. Az \u00e9p\u00fclet teljes ter\u00fclet\u00e9n ingyenes Wi-Fi \u00e1ll rendelkez\u00e9sre, \u00edgy a vend\u00e9gek folyamatos kapcsolatban maradhatnak szeretteikkel vagy ak\u00e1r dolgozhatnak is a nyaral\u00e1s alatt.<\/p>\n<p class=\"\" data-start=\"1331\" data-end=\"1761\">A Vangelis apartmanok t\u00f6k\u00e9letes v\u00e1laszt\u00e1s azok sz\u00e1m\u00e1ra, akik nyugodt, pihentet\u0151 kikapcsol\u00f3d\u00e1sra v\u00e1gynak egy fest\u0151i tengerparti k\u00f6rnyezetben. A modern felszerelts\u00e9g, a bar\u00e1ts\u00e1gos vend\u00e9gl\u00e1t\u00e1s \u00e9s a var\u00e1zslatos term\u00e9szeti k\u00f6rnyezet mind hozz\u00e1j\u00e1rul ahhoz, hogy felejthetetlen \u00e9lm\u00e9nyben legyen r\u00e9sze. Legyen sz\u00f3 romantikus kiruccan\u00e1sr\u00f3l, csal\u00e1di nyaral\u00e1sr\u00f3l vagy akt\u00edv kikapcsol\u00f3d\u00e1sr\u00f3l, a Vangelis mindenkinek t\u00f6k\u00e9letes \u00e9lm\u00e9nyt ny\u00fajt.<\/p>\n<p class=\"\" data-start=\"1763\" data-end=\"1998\">Fedezze fel Nea Vrasna var\u00e1zslatos hangulat\u00e1t, \u00e9lvezze a naps\u00fct\u00f6tte tengerpartokat, \u00e9s pihenjen egy modern, k\u00e9nyelmes apartmanban! Foglalja le sz\u00e1ll\u00e1s\u00e1t m\u00e9g ma, \u00e9s tapasztalja meg a g\u00f6r\u00f6g vend\u00e9gszeretetet \u00e9s a gondtalan kikapcsol\u00f3d\u00e1st!<\/p>\n<hr \/>\n<h4 id=\"whats-included\">Mit hozzak az \u00fatra?<\/h4>\n<ol style=\"column-count: 2;\">\n<li>Magyar \u00e1llampolg\u00e1roknak v\u00edzumra nincs sz\u00fcks\u00e9g\u00fck,<br \/>\nde az \u00fatlev\u00e9l vagy az \u00faj t\u00edpus\u00fa szem\u00e9lyi igazolv\u00e1ny<br \/>\na vissza\u00fat ut\u00e1n legal\u00e1bb 6 h\u00f3napig \u00e9rv\u00e9nyes kell, hogy legyen.<\/li>\n<li>P\u00e9nzt\u00e1rca<\/li>\n<li>F\u00fcrd\u0151ruha<\/li>\n<li>K\u00f6ss biztos\u00edt\u00e1st!<\/li>\n<\/ol>\n<p>&nbsp;<\/p>\n<hr \/>\n<p>&nbsp;<\/p>\n<h4 id=\"whats-included\">Mit tartalmaz az \u00e1r?<\/h4>\n<ul style=\"column-count: 2;\">\n<li>Minden napra igyeksz\u00fcnk programokat tervezni<\/li>\n<li>7 nap alatt 3-4 f\u00e9le strand megl\u00e1togat\u00e1sa<\/li>\n<li>Ak\u00e1r napi bev\u00e1s\u00e1rl\u00e1s a Lidl-ben<\/li>\n<li>Transzfer az \u00d6n kiv\u00e1lasztott sz\u00e1ll\u00e1s\u00e1hoz<\/li>\n<li>Idegenvezet\u00e9s, kir\u00e1ndul\u00e1sok<\/li>\n<li>Az \u00e1rak az \u00e1f\u00e1t tartalmazz\u00e1k<\/li>\n<\/ul>\n<p>&nbsp;<\/p>\n<hr \/>\n<h4><\/h4>\n<h4 id=\"whats-included\">\u00c1raz\u00e1s<\/h4>\n<ul style=\"column-count: 1;\">\n<li>Foglal\u00e1skor a sz\u00e1ll\u00e1s d\u00edj\u00e1nak az 50% foglal\u00f3k\u00e9nt fizetni kell, amely nem visszat\u00e9r\u00edtend\u0151!<\/li>\n<\/ul>\n<p>&nbsp;<\/p>\n<hr \/>\n<p>&nbsp;<\/p>\n<h4 id=\"additional-info\">Tov\u00e1bbi inform\u00e1ci\u00f3k<\/h4>\n<ul style=\"column-count: 2;\">\n<li>A visszaigazol\u00e1st a munkat\u00e1rsunk \u00e1ltal visszaigazolt emailben kapj\u00e1k meg!<\/li>\n<li>Ne felejtsen el hozni naptejet, sapk\u00e1t, napszem\u00fcveget, k\u00e9nyelmes ruh\u00e1t \u00e9s t\u00fara- vagy sportcip\u0151t.<\/li>\n<li>B\u00e9k\u00e9scsaba 30km-es k\u00f6rzet\u00e9ben mindenkit h\u00e1zn\u00e1l vesz\u00fcnk fel!<\/li>\n<li>Nincsenek fix meg\u00e1ll\u00f3ink kik\u00f6tve, utasaink k\u00e9r\u00e9s\u00e9re \u00e1llunk meg mosd\u00f3ra.<\/li>\n<\/ul>\n<p>&nbsp;<\/p>\n<hr \/>\n<p>&nbsp;<\/p>\n<h4 id=\"cancelation-policy\">Lemond\u00e1si felt\u00e9telek<\/h4>\n<ul style=\"column-count: 2;\">\n<li>50% befizetett sz\u00e1ll\u00e1s foglal\u00f3 nem visszat\u00e9rtend\u0151, ez\u00e9rt k\u00e9rj\u00fck foglal\u00e1sotokat j\u00f3l gondolj\u00e1tok meg!<\/li>\n<\/ul>","protected":false},"excerpt":{"rendered":"<p class=\"\" data-start=\"1331\" data-end=\"1761\">A Vangelis apartmanok t\u00f6k\u00e9letes v\u00e1laszt\u00e1s azok sz\u00e1m\u00e1ra, akik nyugodt, pihentet\u0151 kikapcsol\u00f3d\u00e1sra v\u00e1gynak egy fest\u0151i tengerparti k\u00f6rnyezetben. A modern felszerelts\u00e9g, a bar\u00e1ts\u00e1gos vend\u00e9gl\u00e1t\u00e1s \u00e9s a var\u00e1zslatos term\u00e9szeti k\u00f6rnyezet mind hozz\u00e1j\u00e1rul ahhoz, hogy felejthetetlen \u00e9lm\u00e9nyben legyen r\u00e9sze. Legyen sz\u00f3 romantikus kiruccan\u00e1sr\u00f3l, csal\u00e1di nyaral\u00e1sr\u00f3l vagy akt\u00edv kikapcsol\u00f3d\u00e1sr\u00f3l, a Vangelis mindenkinek t\u00f6k\u00e9letes \u00e9lm\u00e9nyt ny\u00fajt.<\/p>\n<p class=\"\" data-start=\"1763\" data-end=\"1998\">Fedezze fel Nea Vrasna var\u00e1zslatos hangulat\u00e1t, \u00e9lvezze a naps\u00fct\u00f6tte tengerpartokat, \u00e9s pihenjen egy modern, k\u00e9nyelmes apartmanban! Foglalja le sz\u00e1ll\u00e1s\u00e1t m\u00e9g ma, \u00e9s tapasztalja meg a g\u00f6r\u00f6g vend\u00e9gszeretetet \u00e9s a gondtalan kikapcsol\u00f3d\u00e1st!<\/p>","protected":false},"featured_media":12200,"comment_status":"open","ping_status":"closed","template":"","meta":{"om_disable_all_campaigns":false,"_monsterinsights_skip_tracking":false,"_monsterinsights_sitenote_active":false,"_monsterinsights_sitenote_note":"","_monsterinsights_sitenote_category":0},"product_brand":[],"product_cat":[],"product_tag":[],"class_list":{"0":"post-10214","1":"product","2":"type-product","3":"status-publish","4":"has-post-thumbnail","6":"tour_phys-gorogorszag-szallasok","7":"pa_destination-rendezvenyre-buszberles","8":"pa_month-june","9":"pa_month-july","10":"pa_month-august","11":"pa_month-september","13":"first","14":"instock","15":"taxable","16":"shipping-taxable","17":"purchasable","18":"product-type-tour_phys"},"aioseo_notices":[],"jetpack_sharing_enabled":true,"_links":{"self":[{"href":"https:\/\/susitranszfer.hu\/hu\/wp-json\/wp\/v2\/product\/10214","targetHints":{"allow":["GET"]}}],"collection":[{"href":"https:\/\/susitranszfer.hu\/hu\/wp-json\/wp\/v2\/product"}],"about":[{"href":"https:\/\/susitranszfer.hu\/hu\/wp-json\/wp\/v2\/types\/product"}],"replies":[{"embeddable":true,"href":"https:\/\/susitranszfer.hu\/hu\/wp-json\/wp\/v2\/comments?post=10214"}],"wp:featuredmedia":[{"embeddable":true,"href":"https:\/\/susitranszfer.hu\/hu\/wp-json\/wp\/v2\/media\/12200"}],"wp:attachment":[{"href":"https:\/\/susitranszfer.hu\/hu\/wp-json\/wp\/v2\/media?parent=10214"}],"wp:term":[{"taxonomy":"product_brand","embeddable":true,"href":"https:\/\/susitranszfer.hu\/hu\/wp-json\/wp\/v2\/product_brand?post=10214"},{"taxonomy":"product_cat","embeddable":true,"href":"https:\/\/susitranszfer.hu\/hu\/wp-json\/wp\/v2\/product_cat?post=10214"},{"taxonomy":"product_tag","embeddable":true,"href":"https:\/\/susitranszfer.hu\/hu\/wp-json\/wp\/v2\/product_tag?post=10214"}],"curies":[{"name":"wp","href":"https:\/\/api.w.org\/{rel}","templated":true}]}}