{"id":10211,"date":"2024-08-08T07:55:11","date_gmt":"2024-08-08T07:55:11","guid":{"rendered":"https:\/\/travelwp.physcode.com\/main-demo\/?post_type=product&#038;p=10211"},"modified":"2025-04-28T19:52:25","modified_gmt":"2025-04-28T19:52:25","slug":"repteri-transzfer","status":"publish","type":"product","link":"https:\/\/susitranszfer.hu\/kirandulasok\/repteri-transzfer","title":{"rendered":"Rept\u00e9ri Transzfer"},"content":{"rendered":"<div class=\"tour-content-before\">\n<p>B\u00e9k\u00e9scsaba &#8211; Liszt Ferenc Airport &#8211; B\u00e9k\u00e9scsaba<\/p>\n<\/div>\n<p>&nbsp;<\/p>\n<p>&nbsp;<\/p>\n<hr \/>\n<p>&nbsp;<\/p>\n<div class=\"tour-content-add-information\">\n<h4 id=\"additional-info\">Tov\u00e1bbi inform\u00e1ci\u00f3k<\/h4>\n<ul style=\"column-count: 2;\">\n<li>A visszaigazol\u00e1st a munkat\u00e1rsunk \u00e1ltal visszaigazolt emailben kapj\u00e1k meg!<\/li>\n<li>B\u00e9k\u00e9scsaba 30km-es k\u00f6rzet\u00e9ben mindenkit h\u00e1zn\u00e1l vesz\u00fcnk fel!<\/li>\n<li>Nincsenek fix meg\u00e1ll\u00f3ink kik\u00f6tve, utasaink k\u00e9r\u00e9s\u00e9re \u00e1llunk meg mosd\u00f3ra.<\/li>\n<\/ul>\n<\/div>\n<p>&nbsp;<\/p>","protected":false},"excerpt":{"rendered":"<p>\nB\u00e9k\u00e9scsaba &#8211; Liszt Ferenc Airport &#8211; B\u00e9k\u00e9scsaba<\/p>\n<p>&nbsp;<br \/>\n&nbsp;<\/p>\n<p>&nbsp;<\/p>\n<p>Tov\u00e1bbi inform\u00e1ci\u00f3k<\/p>\n<p>A visszaigazol\u00e1st a munkat\u00e1rsunk \u00e1ltal visszaigazolt emailben kapj\u00e1k meg!<br \/>\nB\u00e9k\u00e9scsaba 30km-es k\u00f6rzet\u00e9ben mindenkit <\/p>","protected":false},"featured_media":11796,"comment_status":"open","ping_status":"closed","template":"","meta":{"om_disable_all_campaigns":false,"_monsterinsights_skip_tracking":false,"_monsterinsights_sitenote_active":false,"_monsterinsights_sitenote_note":"","_monsterinsights_sitenote_category":0},"product_brand":[],"product_cat":[],"product_tag":[],"class_list":{"0":"post-10211","1":"product","2":"type-product","3":"status-publish","4":"has-post-thumbnail","6":"tour_phys-repteri-transzfer","7":"pa_destination-repteri-transzferek","8":"pa_month-january","9":"pa_month-february","10":"pa_month-march","11":"pa_month-april","12":"pa_month-may","13":"pa_month-june","14":"pa_month-july","15":"pa_month-august","16":"pa_month-september","17":"pa_month-october","18":"pa_month-november","19":"pa_month-december","21":"first","22":"instock","23":"taxable","24":"shipping-taxable","25":"purchasable","26":"product-type-tour_phys"},"aioseo_notices":[],"jetpack_sharing_enabled":true,"_links":{"self":[{"href":"https:\/\/susitranszfer.hu\/hu\/wp-json\/wp\/v2\/product\/10211","targetHints":{"allow":["GET"]}}],"collection":[{"href":"https:\/\/susitranszfer.hu\/hu\/wp-json\/wp\/v2\/product"}],"about":[{"href":"https:\/\/susitranszfer.hu\/hu\/wp-json\/wp\/v2\/types\/product"}],"replies":[{"embeddable":true,"href":"https:\/\/susitranszfer.hu\/hu\/wp-json\/wp\/v2\/comments?post=10211"}],"wp:featuredmedia":[{"embeddable":true,"href":"https:\/\/susitranszfer.hu\/hu\/wp-json\/wp\/v2\/media\/11796"}],"wp:attachment":[{"href":"https:\/\/susitranszfer.hu\/hu\/wp-json\/wp\/v2\/media?parent=10211"}],"wp:term":[{"taxonomy":"product_brand","embeddable":true,"href":"https:\/\/susitranszfer.hu\/hu\/wp-json\/wp\/v2\/product_brand?post=10211"},{"taxonomy":"product_cat","embeddable":true,"href":"https:\/\/susitranszfer.hu\/hu\/wp-json\/wp\/v2\/product_cat?post=10211"},{"taxonomy":"product_tag","embeddable":true,"href":"https:\/\/susitranszfer.hu\/hu\/wp-json\/wp\/v2\/product_tag?post=10211"}],"curies":[{"name":"wp","href":"https:\/\/api.w.org\/{rel}","templated":true}]}}