{"id":10207,"date":"2024-08-08T07:50:19","date_gmt":"2024-08-08T07:50:19","guid":{"rendered":"https:\/\/travelwp.physcode.com\/main-demo\/?post_type=product&#038;p=10207"},"modified":"2025-05-10T22:08:27","modified_gmt":"2025-05-10T22:08:27","slug":"buszjarat-bekescsaba-gorogorszag","status":"publish","type":"product","link":"https:\/\/susitranszfer.hu\/kirandulasok\/buszjarat-bekescsaba-gorogorszag","title":{"rendered":"Buszj\u00e1rat B\u00e9k\u00e9scsaba &#8211; G\u00f6r\u00f6gorsz\u00e1g"},"content":{"rendered":"<h4 id=\"whats-included\">Mit hozzak az \u00fatra?<\/h4>\n<ol style=\"column-count: 2;\">\n<li>Magyar \u00e1llampolg\u00e1roknak v\u00edzumra nincs sz\u00fcks\u00e9g\u00fck,<br \/>\nde az \u00fatlev\u00e9l vagy az \u00faj t\u00edpus\u00fa szem\u00e9lyi igazolv\u00e1ny<br \/>\na vissza\u00fat ut\u00e1n legal\u00e1bb 6 h\u00f3napig \u00e9rv\u00e9nyes kell, hogy legyen.<\/li>\n<li>P\u00e9nzt\u00e1rca<\/li>\n<li>F\u00fcrd\u0151ruha<\/li>\n<li>K\u00f6ss biztos\u00edt\u00e1st!<\/li>\n<\/ol>\n<p>&nbsp;<\/p>\n<hr \/>\n<p>&nbsp;<\/p>\n<h4 id=\"whats-included\">Mit tartalmaz az \u00e1r?<\/h4>\n<ul style=\"column-count: 2;\">\n<li>Minden napra igyeksz\u00fcnk programokat tervezni<\/li>\n<li>7 nap alatt 3-4 f\u00e9le strand megl\u00e1togat\u00e1sa<\/li>\n<li>Ak\u00e1r napi bev\u00e1s\u00e1rl\u00e1s a Lidl-ben<\/li>\n<li>Transzfer az \u00d6n kiv\u00e1lasztott sz\u00e1ll\u00e1s\u00e1hoz<\/li>\n<li>Idegenvezet\u00e9s, kir\u00e1ndul\u00e1sok<\/li>\n<li>Az \u00e1rak az \u00e1f\u00e1t tartalmazz\u00e1k<\/li>\n<\/ul>\n<p>&nbsp;<\/p>\n<hr \/>\n<h4><\/h4>\n<h4 id=\"whats-included\">\u00c1raz\u00e1s<\/h4>\n<ul style=\"column-count: 1;\">\n<li>Foglal\u00e1skor a sz\u00e1ll\u00e1s d\u00edj\u00e1nak az 50% foglal\u00f3k\u00e9nt fizetni kell, amely nem visszat\u00e9r\u00edtend\u0151!<\/li>\n<\/ul>\n<p>&nbsp;<\/p>\n<hr \/>\n<p>&nbsp;<\/p>\n<h4 id=\"additional-info\">Tov\u00e1bbi inform\u00e1ci\u00f3k<\/h4>\n<ul style=\"column-count: 2;\">\n<li>A visszaigazol\u00e1st a munkat\u00e1rsunk \u00e1ltal visszaigazolt emailben kapj\u00e1k meg!<\/li>\n<li>Ne felejtsen el hozni naptejet, sapk\u00e1t, napszem\u00fcveget, k\u00e9nyelmes ruh\u00e1t \u00e9s t\u00fara- vagy sportcip\u0151t.<\/li>\n<li>B\u00e9k\u00e9scsaba 30km-es k\u00f6rzet\u00e9ben mindenkit h\u00e1zn\u00e1l vesz\u00fcnk fel!<\/li>\n<li>Nincsenek fix meg\u00e1ll\u00f3ink kik\u00f6tve, utasaink k\u00e9r\u00e9s\u00e9re \u00e1llunk meg mosd\u00f3ra.<\/li>\n<\/ul>\n<p>&nbsp;<\/p>\n<hr \/>\n<p>&nbsp;<\/p>\n<h4 id=\"cancelation-policy\">Lemond\u00e1si felt\u00e9telek<\/h4>\n<ul style=\"column-count: 2;\">\n<li>50% befizetett sz\u00e1ll\u00e1s foglal\u00f3 nem visszat\u00e9rtend\u0151, ez\u00e9rt k\u00e9rj\u00fck foglal\u00e1sotokat j\u00f3l gondolj\u00e1tok meg!<\/li>\n<\/ul>","protected":false},"excerpt":{"rendered":"<p>Mit hozzak az \u00fatra?<\/p>\n<p>Magyar \u00e1llampolg\u00e1roknak v\u00edzumra nincs sz\u00fcks\u00e9g\u00fck,<br \/>\nde az \u00fatlev\u00e9l vagy az \u00faj t\u00edpus\u00fa szem\u00e9lyi igazolv\u00e1ny<br \/>\na vissza\u00fat ut\u00e1n legal\u00e1bb 6 h\u00f3napig \u00e9rv\u00e9nyes kell, hogy legyen.<br \/>\nP\u00e9nzt\u00e1rca<br \n<\/p>","protected":false},"featured_media":11774,"comment_status":"open","ping_status":"closed","template":"","meta":{"om_disable_all_campaigns":false,"_monsterinsights_skip_tracking":false,"_monsterinsights_sitenote_active":false,"_monsterinsights_sitenote_note":"","_monsterinsights_sitenote_category":0},"product_brand":[],"product_cat":[],"product_tag":[],"class_list":{"0":"post-10207","1":"product","2":"type-product","3":"status-publish","4":"has-post-thumbnail","6":"tour_phys-buszjarat-bekescsaba-gorogorszag","7":"pa_destination-buszjegy-gororgorszagba","8":"pa_month-june","9":"pa_month-july","10":"pa_month-august","11":"pa_month-september","13":"first","14":"instock","15":"taxable","16":"shipping-taxable","17":"purchasable","18":"product-type-tour_phys"},"aioseo_notices":[],"jetpack_sharing_enabled":true,"_links":{"self":[{"href":"https:\/\/susitranszfer.hu\/hu\/wp-json\/wp\/v2\/product\/10207","targetHints":{"allow":["GET"]}}],"collection":[{"href":"https:\/\/susitranszfer.hu\/hu\/wp-json\/wp\/v2\/product"}],"about":[{"href":"https:\/\/susitranszfer.hu\/hu\/wp-json\/wp\/v2\/types\/product"}],"replies":[{"embeddable":true,"href":"https:\/\/susitranszfer.hu\/hu\/wp-json\/wp\/v2\/comments?post=10207"}],"wp:featuredmedia":[{"embeddable":true,"href":"https:\/\/susitranszfer.hu\/hu\/wp-json\/wp\/v2\/media\/11774"}],"wp:attachment":[{"href":"https:\/\/susitranszfer.hu\/hu\/wp-json\/wp\/v2\/media?parent=10207"}],"wp:term":[{"taxonomy":"product_brand","embeddable":true,"href":"https:\/\/susitranszfer.hu\/hu\/wp-json\/wp\/v2\/product_brand?post=10207"},{"taxonomy":"product_cat","embeddable":true,"href":"https:\/\/susitranszfer.hu\/hu\/wp-json\/wp\/v2\/product_cat?post=10207"},{"taxonomy":"product_tag","embeddable":true,"href":"https:\/\/susitranszfer.hu\/hu\/wp-json\/wp\/v2\/product_tag?post=10207"}],"curies":[{"name":"wp","href":"https:\/\/api.w.org\/{rel}","templated":true}]}}