{"id":11924,"date":"2025-04-06T18:40:04","date_gmt":"2025-04-06T18:40:04","guid":{"rendered":"https:\/\/susitranszfer.hu\/?page_id=11924"},"modified":"2025-04-25T19:28:49","modified_gmt":"2025-04-25T19:28:49","slug":"adatvedelmi-tajekoztato","status":"publish","type":"page","link":"https:\/\/susitranszfer.hu\/hu\/adatvedelmi-tajekoztato\/","title":{"rendered":"Adatv\u00e9delmi T\u00e1j\u00e9koztat\u00f3"},"content":{"rendered":"<p>A Suhajda L\u00e1szl\u00f3 E.V (sz\u00e9khely: 5600 B\u00e9k\u00e9scsaba Dombos utca 2\/a; a tov\u00e1bbiakban Adatkezel\u0151) az al\u00e1bbi adatokat kezeli:<\/p>\n\n\n\n<h3 class=\"wp-block-heading\"><strong>KAPCSOLATTART\u00d3(K) R\u00c9SZ\u00c9R\u0150L:<\/strong><\/h3>\n\n\n\n<ul class=\"wp-block-list\">\n<li><strong>vezet\u00e9kn\u00e9v\/vezet\u00e9knevek \u00e9s keresztn\u00e9v\/keresztnevek;<\/strong><\/li>\n\n\n\n<li><strong>telefonsz\u00e1m(ok);<\/strong><\/li>\n\n\n\n<li><strong>e-mail c\u00edm(ek).<\/strong><\/li>\n<\/ul>\n\n\n\n<h3 class=\"wp-block-heading\"><strong>SOF\u0150R R\u00c9SZ\u00c9R\u0150L:<\/strong><\/h3>\n\n\n\n<ul class=\"wp-block-list\">\n<li><strong>lakc\u00edmigazolv\u00e1nyon szerepl\u0151 adatok;<\/strong><\/li>\n\n\n\n<li><strong>vezet\u0151i enged\u00e9lyen\/szem\u00e9lyi igazolv\u00e1non szerepl\u0151 adatok.<\/strong><\/li>\n<\/ul>\n\n\n\n<p>Az Adatkezel\u0151 (k\u00e9pviseli:&nbsp;Suhajda L\u00e1szl\u00f3 E.V \u00fcgyvezet\u0151; 5600 B\u00e9k\u00e9scsaba, Dombos utca 2\/a.), a Szolg\u00e1ltat\u00e1sokat megrendel\u0151 szem\u00e9ly (a tov\u00e1bbiakban: Megrendel\u0151; az Adatkezel\u0151 \u00e9s a Megrendel\u0151 a tov\u00e1bbiakban egy\u00fctt: Felek) \u00e1ltal rendelkez\u00e9sre bocs\u00e1tott szem\u00e9lyes adatokat az inform\u00e1ci\u00f3s \u00f6nrendelkez\u00e9si jogr\u00f3l \u00e9s az inform\u00e1ci\u00f3szabads\u00e1gr\u00f3l sz\u00f3l\u00f3 2011. \u00e9vi CXII. t\u00f6rv\u00e9nyben (a tov\u00e1bbiakban: Info tv.), illetve&nbsp;AZ EUR\u00d3PAI PARLAMENT \u00c9S A TAN\u00c1CS (EU) 2016\/679 RENDELET\u00c9BEN&nbsp;(a tov\u00e1bbiakban: GDPR rendelet) meghat\u00e1rozottaknak megfelel\u0151en, a term\u00e9szetes szem\u00e9ly Megrendel\u0151 \u00e9s a megrendel\u00e9ssel \u00e9rintett m\u00e1s term\u00e9szetes szem\u00e9lyek kifejezett hozz\u00e1j\u00e1rul\u00e1sa alapj\u00e1n bizalmasan kezeli, adatfeldolgoz\u00f3nak, c\u00edmzettnek, harmadik szem\u00e9lynek a Megrendel\u0151 \u00e9s a megrendel\u00e9ssel \u00e9rintett m\u00e1s term\u00e9szetes szem\u00e9lyek kifejezett \u00edr\u00e1sbeli hozz\u00e1j\u00e1rul\u00e1sa n\u00e9lk\u00fcl nem adja \u00e1t, illetve nyilv\u00e1noss\u00e1gra nem hozza. A Megrendel\u0151 \u00e1ltal megadott szem\u00e9lyes adatok t\u00e1rol\u00e1sa az informatikai biztons\u00e1gi szab\u00e1lyoknak megfelel\u0151en, az Adatkezel\u0151 kiz\u00e1r\u00f3lagos hozz\u00e1f\u00e9r\u00e9s\u00e9vel, elektronikusan t\u00f6rt\u00e9nik.<\/p>\n\n\n\n<p>Az adatkezel\u00e9s c\u00e9lja a Felek k\u00f6z\u00f6tti j\u00f6v\u0151beni szerz\u0151d\u00e9sk\u00f6t\u00e9s(ek), valamint a Felek k\u00f6z\u00f6tt j\u00f6v\u0151ben l\u00e9trej\u00f6v\u0151 jogviszonnyal \u00f6sszef\u00fcgg\u0151 \u00fcgyint\u00e9z\u00e9s el\u0151seg\u00edt\u00e9se, \u00edgy a Felek k\u00f6z\u00f6tti jogviszony l\u00e9trej\u00f6tte eset\u00e9n annak megsz\u0171n\u00e9sekor, illetve megsz\u00fcntet\u00e9sekor az Adatkezel\u0151 a szem\u00e9lyes adatok kezel\u00e9s\u00e9t a jogviszony megsz\u0171n\u00e9s\u00e9nek, illetve megsz\u00fcntet\u00e9s\u00e9nek napj\u00e1n \u2013 kiv\u00e9ve, ha jogszab\u00e1ly ett\u0151l hosszabb \u0151rz\u00e9si id\u0151t \u00edr el\u0151, akkor az abban meghat\u00e1rozott hat\u00e1rnappal \u2013 megsz\u00fcnteti. A Megrendel\u0151 \u00e9s a megrendel\u00e9ssel \u00e9rintett m\u00e1s term\u00e9szetes szem\u00e9lyek \u2013 jogforr\u00e1si, illetve jogszab\u00e1lyi keretek k\u00f6z\u00f6tt \u2013 a megadott szem\u00e9lyes adataik t\u00f6rl\u00e9s\u00e9t k\u00e9rhetik az Adatkezel\u0151t\u0151l, valamint emellett k\u00e9rhetik a szem\u00e9lyes adataihoz t\u00f6rt\u00e9n\u0151 hozz\u00e1f\u00e9r\u00e9st (visszajelz\u00e9st k\u00e9rhetnek a szem\u00e9lyes adataikat \u00e9rint\u0151 folyamatban l\u00e9v\u0151 adatkezel\u00e9s(ek)r\u0151l); t\u00e1j\u00e9koztat\u00e1st k\u00e9rhetnek az esetleges adatfeldolgoz\u00f3(k)nak, illetve c\u00edmzett(ek)nek t\u00f6rt\u00e9n\u0151 szem\u00e9lyes adat tov\u00e1bb\u00edt\u00e1s\u00e1r\u00f3l; szem\u00e9lyes adataik helyesb\u00edt\u00e9s\u00e9t, illetve m\u00f3dos\u00edt\u00e1s\u00e1t, valamint szem\u00e9lyes adataik kezel\u00e9s\u00e9nek korl\u00e1toz\u00e1s\u00e1t k\u00e9rhetik.<\/p>\n\n\n\n<p>A szem\u00e9lyes adatok kezel\u00e9sekor az Adatkezel\u0151 az Info tv., illetve a GDPR rendelet rendelkez\u00e9seit betartva j\u00e1r el.<\/p>\n\n\n\n<p>Az Adatkezel\u0151 t\u00e1j\u00e9koztatja a Megrendel\u0151t \u00e9s a megrendel\u00e9ssel \u00e9rintett m\u00e1s term\u00e9szetes szem\u00e9lyeket, hogy a megadott szem\u00e9lyes adatok b\u00e1rmikor megv\u00e1ltoztathat\u00f3ak, az adatok t\u00f6rl\u00e9se pedig postai \u00faton az Adatkezel\u0151 r\u00e9sz\u00e9re a&nbsp;5600 B\u00e9k\u00e9scsaba, Dombos utca 2\/a.. c\u00edmre k\u00fcld\u00f6tt lev\u00e9l \u00fatj\u00e1n; elektronikus \u00faton az Adatkezel\u0151 r\u00e9sz\u00e9re az info@angliatranszfer.hu e-mail c\u00edmre k\u00fcld\u00f6tt elektronikus lev\u00e9l (e-mail) \u00fatj\u00e1n k\u00e9rhet\u0151. Az Adatkezel\u0151 ez\u00faton t\u00e1j\u00e9koztatja a Megrendel\u0151t \u00e9s a megrendel\u00e9ssel \u00e9rintett m\u00e1s term\u00e9szetes szem\u00e9lyeket, hogy a panaszaikat is ezekre a c\u00edmekre c\u00edmezhetik.<\/p>\n\n\n\n<p>Abban az esetben, ha a Megrendel\u0151 \u00e9s a megrendel\u00e9ssel \u00e9rintett m\u00e1s term\u00e9szetes szem\u00e9lyek szem\u00e9lyes adataik jogosulatlan kezel\u00e9s\u00e9t \u00e9szlelik, panasszal fordulhatnak a&nbsp;Nemzeti Adatv\u00e9delmi \u00e9s Inform\u00e1ci\u00f3szabads\u00e1g Hat\u00f3s\u00e1ghoz (1055 Budapest, Falk Miksa utca 9-11.).<\/p>\n\n\n\n<p>A Megrendel\u0151 \u00e9s a megrendel\u00e9ssel \u00e9rintett m\u00e1s term\u00e9szetes szem\u00e9lyek a szem\u00e9lyes adataik megad\u00e1s\u00e1val \u00e9s az\u00a0hello@susitranszfer.hu\u00a0Weboldalon tal\u00e1lhat\u00f3 \u201eMegrendel\u0151k\u00e9nt hozz\u00e1j\u00e1rulok ahhoz, hogy az \u00e1ltalam \u00f6nk\u00e9nt megadott term\u00e9szetes szem\u00e9lyes adatokat a Suhajda L\u00e1szl\u00f3 E.V. az \u00fczenetem megv\u00e1laszol\u00e1sa \u00e9s a leadott Megrendel\u00e9s elfogad\u00e1sa c\u00e9lj\u00e1b\u00f3l kezelje. Kijelentem, hogy az adatkezel\u00e9si t\u00e1j\u00e9koztat\u00f3t elolvastam \u00e9s meg\u00e9rtettem, az abban foglaltakat elfogadom, tov\u00e1bb\u00e1 azt, hogy a hozz\u00e1j\u00e1rul\u00e1som \u00f6nk\u00e9nt \u00e9s megfelel\u0151 t\u00e1j\u00e9koztat\u00e1st k\u00f6vet\u0151en adtam.\u201d r\u00e9sz jel\u00f6l\u00e9s\u00e9vel (\u201ex\u201d) hozz\u00e1j\u00e1rulnak ahhoz, hogy szem\u00e9lyes adataikat az Adatkezel\u0151 a Felek k\u00f6z\u00f6tti j\u00f6v\u0151beni szerz\u0151d\u00e9sk\u00f6t\u00e9s(ek), valamint a Felek k\u00f6z\u00f6tt j\u00f6v\u0151ben l\u00e9trej\u00f6v\u0151 jogviszonnyal \u00f6sszef\u00fcgg\u0151 \u00fcgyint\u00e9z\u00e9s el\u0151seg\u00edt\u00e9se \u00e9rdek\u00e9ben kezelje.<\/p>","protected":false},"excerpt":{"rendered":"<p>\nA Suhajda L\u00e1szl\u00f3 E.V (sz\u00e9khely: 5600 B\u00e9k\u00e9scsaba Dombos utca 2\/a; a tov\u00e1bbiakban Adatkezel\u0151) az al\u00e1bbi adatokat kezeli:<\/p>\n<p>KAPCSOLATTART\u00d3(K) R\u00c9SZ\u00c9R\u0150L:<\/p>\n<p>\nvezet\u00e9kn\u00e9v\/vezet\u00e9knevek \u00e9s keresztn\u00e9v\/keresztnevek;<br \n<\/p>","protected":false},"author":1,"featured_media":0,"parent":0,"menu_order":0,"comment_status":"closed","ping_status":"closed","template":"","meta":{"om_disable_all_campaigns":false,"_monsterinsights_skip_tracking":false,"_monsterinsights_sitenote_active":false,"_monsterinsights_sitenote_note":"","_monsterinsights_sitenote_category":0,"footnotes":""},"class_list":["post-11924","page","type-page","status-publish","hentry"],"aioseo_notices":[],"jetpack_sharing_enabled":true,"_links":{"self":[{"href":"https:\/\/susitranszfer.hu\/hu\/wp-json\/wp\/v2\/pages\/11924","targetHints":{"allow":["GET"]}}],"collection":[{"href":"https:\/\/susitranszfer.hu\/hu\/wp-json\/wp\/v2\/pages"}],"about":[{"href":"https:\/\/susitranszfer.hu\/hu\/wp-json\/wp\/v2\/types\/page"}],"author":[{"embeddable":true,"href":"https:\/\/susitranszfer.hu\/hu\/wp-json\/wp\/v2\/users\/1"}],"replies":[{"embeddable":true,"href":"https:\/\/susitranszfer.hu\/hu\/wp-json\/wp\/v2\/comments?post=11924"}],"version-history":[{"count":2,"href":"https:\/\/susitranszfer.hu\/hu\/wp-json\/wp\/v2\/pages\/11924\/revisions"}],"predecessor-version":[{"id":12210,"href":"https:\/\/susitranszfer.hu\/hu\/wp-json\/wp\/v2\/pages\/11924\/revisions\/12210"}],"wp:attachment":[{"href":"https:\/\/susitranszfer.hu\/hu\/wp-json\/wp\/v2\/media?parent=11924"}],"curies":[{"name":"wp","href":"https:\/\/api.w.org\/{rel}","templated":true}]}}