{"id":11201,"date":"2024-09-19T08:02:59","date_gmt":"2024-09-19T04:02:59","guid":{"rendered":"https:\/\/travelwp.physcode.com\/main-demo\/?page_id=11201"},"modified":"2025-04-26T14:21:28","modified_gmt":"2025-04-26T14:21:28","slug":"faqs","status":"publish","type":"page","link":"https:\/\/susitranszfer.hu\/hu\/faqs\/","title":{"rendered":"FAQs"},"content":{"rendered":"<div data-elementor-type=\"wp-page\" data-elementor-id=\"11201\" class=\"elementor elementor-11201\" data-elementor-post-type=\"page\">\n\t\t\t\t<div class=\"elementor-element elementor-element-3dc80fe e-flex e-con-boxed e-con e-parent\" data-id=\"3dc80fe\" data-element_type=\"container\">\n\t\t\t\t\t<div class=\"e-con-inner\">\n\t\t\t\t<div class=\"elementor-element elementor-element-47ca54f elementor-widget elementor-widget-thim-ekits-breadcrumb\" data-id=\"47ca54f\" data-element_type=\"widget\" data-widget_type=\"thim-ekits-breadcrumb.default\">\n\t\t\t\t<div class=\"elementor-widget-container\">\n\t\t\t\t\t\n\t\t\t<div class=\"thim-ekit-breadcrumb\">\n\n\t\t\t\tHome\n\t\t\t<\/div>\n\n\t\t\t\t\t\t\t<\/div>\n\t\t\t\t<\/div>\n\t\t\t\t<div class=\"elementor-element elementor-element-9548dbd elementor-widget__width-initial elementor-widget elementor-widget-thim-ekits-heading\" data-id=\"9548dbd\" data-element_type=\"widget\" data-widget_type=\"thim-ekits-heading.default\">\n\t\t\t\t<div class=\"elementor-widget-container\">\n\t\t\t\t\t<div class=\"thim-ekits-heading thim-ekit__heading\"><h3 class=\"title\">Gyakran Ism\u00e9telt K\u00e9rd\u00e9sek<\/h3><h5 class=\"sub-heading\">Minden gyakran feltett k\u00e9rd\u00e9sre itt v\u00e1laszt tal\u00e1l!<\/h5><\/div>\t\t\t\t<\/div>\n\t\t\t\t<\/div>\n\t\t\t\t\t<\/div>\n\t\t\t\t<\/div>\n\t\t<div class=\"elementor-element elementor-element-6c5c061 e-flex e-con-boxed e-con e-parent\" data-id=\"6c5c061\" data-element_type=\"container\">\n\t\t\t\t\t<div class=\"e-con-inner\">\n\t\t<div class=\"elementor-element elementor-element-3baf02f e-con-full e-flex e-con e-child\" data-id=\"3baf02f\" data-element_type=\"container\">\n\t\t\t\t<div class=\"elementor-element elementor-element-68ca3b8 elementor-widget elementor-widget-thim-ekits-accordion\" data-id=\"68ca3b8\" data-element_type=\"widget\" data-widget_type=\"thim-ekits-accordion.default\">\n\t\t\t\t<div class=\"elementor-widget-container\">\n\t\t\t\t\t\n\t\t<div id=\"thim-accordions-68ca3b8\" class=\"thim-ekit-tablist\">\n\t\t\t<div class=\"thim-accordion-sections\" role=\"tablist\">\n\t\t\t\t\n\t\t\t\t\t<div class=\"accordion-section\">\n\t\t\t\t\t\t<div class=\"accordion-title\" aria-selected=\"true\" role=\"tab\" tabindex=\"0\" aria-controls=\"item-acc-68ca3b8-1\">\n\t\t\t\t\t\t\tSz\u00e1ll\u00e1s int\u00e9z\u00e9s\u00e9ben seg\u00edtenek-e?\t\t\t\t\t\t\t\t<span class=\"accordion-icon\">\n\t\t\t\t\t\t\t\t\t<span\n\t\t\t\t\t\t\t\t\t\tclass=\"accordion-icon-closed\"><svg xmlns=\"http:\/\/www.w3.org\/2000\/svg\" width=\"12\" height=\"7\" viewbox=\"0 0 12 7\" fill=\"none\"><path d=\"M1 6L6 1L11 6\" stroke=\"#121212\" stroke-width=\"1.5\" stroke-linecap=\"round\" stroke-linejoin=\"round\"><\/path><\/svg><\/span>\n\t\t\t\t\t\t\t\t\t<span\n\t\t\t\t\t\t\t\t\t\tclass=\"accordion-icon-opened\"><svg xmlns=\"http:\/\/www.w3.org\/2000\/svg\" width=\"12\" height=\"7\" viewbox=\"0 0 12 7\" fill=\"none\"><path d=\"M11 1L6 6L1 1\" stroke=\"#121212\" stroke-width=\"1.5\" stroke-linecap=\"round\" stroke-linejoin=\"round\"><\/path><\/svg><\/span>\n\t\t\t\t\t\t\t\t<\/span>\n\t\t\t\t\t\t\t\t\t\t\t\t\t<\/div>\n\n\t\t\t\t\t\t<div class=\"accordion-content\" id=\"item-acc-68ca3b8-1\"\n\t\t\t\t\t\t\t role=\"tabpanel\"\n\t\t\t\t\t\t\t aria-labelledby=\"item-acc-68ca3b8-1\"\n\t\t\t\t\t\t\t tabindex=\"0\" >\n\t\t\t\t\t\t\t<p>A sz\u00e1ll\u00e1st c\u00e9g\u00fcnk int\u00e9zi, viszont ha \u00d6n akarja mag\u00e1nak, akkor megadjuk a kontaktot \u00e9s foglalhat t\u0151l\u00fcnk k\u00fcl\u00f6n is.<\/p>\t\t\t\t\t\t<\/div>\n\t\t\t\t\t<\/div>\n\n\t\t\t\t\n\t\t\t\t\t<div class=\"accordion-section\">\n\t\t\t\t\t\t<div class=\"accordion-title\" aria-selected=\"false\" role=\"tab\" tabindex=\"-1\" aria-controls=\"item-acc-68ca3b8-2\">\n\t\t\t\t\t\t\tHol vesznek fel?\t\t\t\t\t\t\t\t<span class=\"accordion-icon\">\n\t\t\t\t\t\t\t\t\t<span\n\t\t\t\t\t\t\t\t\t\tclass=\"accordion-icon-closed\"><svg xmlns=\"http:\/\/www.w3.org\/2000\/svg\" width=\"12\" height=\"7\" viewbox=\"0 0 12 7\" fill=\"none\"><path d=\"M1 6L6 1L11 6\" stroke=\"#121212\" stroke-width=\"1.5\" stroke-linecap=\"round\" stroke-linejoin=\"round\"><\/path><\/svg><\/span>\n\t\t\t\t\t\t\t\t\t<span\n\t\t\t\t\t\t\t\t\t\tclass=\"accordion-icon-opened\"><svg xmlns=\"http:\/\/www.w3.org\/2000\/svg\" width=\"12\" height=\"7\" viewbox=\"0 0 12 7\" fill=\"none\"><path d=\"M11 1L6 6L1 1\" stroke=\"#121212\" stroke-width=\"1.5\" stroke-linecap=\"round\" stroke-linejoin=\"round\"><\/path><\/svg><\/span>\n\t\t\t\t\t\t\t\t<\/span>\n\t\t\t\t\t\t\t\t\t\t\t\t\t<\/div>\n\n\t\t\t\t\t\t<div class=\"accordion-content\" id=\"item-acc-68ca3b8-2\"\n\t\t\t\t\t\t\t role=\"tabpanel\"\n\t\t\t\t\t\t\t aria-labelledby=\"item-acc-68ca3b8-2\"\n\t\t\t\t\t\t\t tabindex=\"-1\" hidden>\n\t\t\t\t\t\t\t<p>B\u00e9k\u00e9s \u00e9s Csongr\u00e1d megy\u00e9ben lehet\u0151s\u00e9g szerint mindenkit h\u00e1zn\u00e1l vesz\u00fcnk fel.<\/p><p>\u00a0<\/p><p>\u00a0<\/p>\t\t\t\t\t\t<\/div>\n\t\t\t\t\t<\/div>\n\n\t\t\t\t\n\t\t\t\t\t<div class=\"accordion-section\">\n\t\t\t\t\t\t<div class=\"accordion-title\" aria-selected=\"false\" role=\"tab\" tabindex=\"-1\" aria-controls=\"item-acc-68ca3b8-3\">\n\t\t\t\t\t\t\tMennyibe ker\u00fcl az \u00fatik\u00f6lts\u00e9g?\t\t\t\t\t\t\t\t<span class=\"accordion-icon\">\n\t\t\t\t\t\t\t\t\t<span\n\t\t\t\t\t\t\t\t\t\tclass=\"accordion-icon-closed\"><svg xmlns=\"http:\/\/www.w3.org\/2000\/svg\" width=\"12\" height=\"7\" viewbox=\"0 0 12 7\" fill=\"none\"><path d=\"M1 6L6 1L11 6\" stroke=\"#121212\" stroke-width=\"1.5\" stroke-linecap=\"round\" stroke-linejoin=\"round\"><\/path><\/svg><\/span>\n\t\t\t\t\t\t\t\t\t<span\n\t\t\t\t\t\t\t\t\t\tclass=\"accordion-icon-opened\"><svg xmlns=\"http:\/\/www.w3.org\/2000\/svg\" width=\"12\" height=\"7\" viewbox=\"0 0 12 7\" fill=\"none\"><path d=\"M11 1L6 6L1 1\" stroke=\"#121212\" stroke-width=\"1.5\" stroke-linecap=\"round\" stroke-linejoin=\"round\"><\/path><\/svg><\/span>\n\t\t\t\t\t\t\t\t<\/span>\n\t\t\t\t\t\t\t\t\t\t\t\t\t<\/div>\n\n\t\t\t\t\t\t<div class=\"accordion-content\" id=\"item-acc-68ca3b8-3\"\n\t\t\t\t\t\t\t role=\"tabpanel\"\n\t\t\t\t\t\t\t aria-labelledby=\"item-acc-68ca3b8-3\"\n\t\t\t\t\t\t\t tabindex=\"-1\" hidden>\n\t\t\t\t\t\t\t<p>A saj\u00e1t \u00fatvonalunkon 240\u20ac \/ f\u0151 az \u00fatik\u00f6lts\u00e9g<\/p>\t\t\t\t\t\t<\/div>\n\t\t\t\t\t<\/div>\n\n\t\t\t\t\n\t\t\t\t\t<div class=\"accordion-section\">\n\t\t\t\t\t\t<div class=\"accordion-title\" aria-selected=\"false\" role=\"tab\" tabindex=\"-1\" aria-controls=\"item-acc-68ca3b8-4\">\n\t\t\t\t\t\t\tSz\u00fcks\u00e9gem van biztos\u00edt\u00e1sra?\t\t\t\t\t\t\t\t<span class=\"accordion-icon\">\n\t\t\t\t\t\t\t\t\t<span\n\t\t\t\t\t\t\t\t\t\tclass=\"accordion-icon-closed\"><svg xmlns=\"http:\/\/www.w3.org\/2000\/svg\" width=\"12\" height=\"7\" viewbox=\"0 0 12 7\" fill=\"none\"><path d=\"M1 6L6 1L11 6\" stroke=\"#121212\" stroke-width=\"1.5\" stroke-linecap=\"round\" stroke-linejoin=\"round\"><\/path><\/svg><\/span>\n\t\t\t\t\t\t\t\t\t<span\n\t\t\t\t\t\t\t\t\t\tclass=\"accordion-icon-opened\"><svg xmlns=\"http:\/\/www.w3.org\/2000\/svg\" width=\"12\" height=\"7\" viewbox=\"0 0 12 7\" fill=\"none\"><path d=\"M11 1L6 6L1 1\" stroke=\"#121212\" stroke-width=\"1.5\" stroke-linecap=\"round\" stroke-linejoin=\"round\"><\/path><\/svg><\/span>\n\t\t\t\t\t\t\t\t<\/span>\n\t\t\t\t\t\t\t\t\t\t\t\t\t<\/div>\n\n\t\t\t\t\t\t<div class=\"accordion-content\" id=\"item-acc-68ca3b8-4\"\n\t\t\t\t\t\t\t role=\"tabpanel\"\n\t\t\t\t\t\t\t aria-labelledby=\"item-acc-68ca3b8-4\"\n\t\t\t\t\t\t\t tabindex=\"-1\" hidden>\n\t\t\t\t\t\t\t<p>Szem\u00e9ly szerint k\u00f6thet\u0151, de nem k\u00f6telez\u0151.<\/p>\t\t\t\t\t\t<\/div>\n\t\t\t\t\t<\/div>\n\n\t\t\t\t\t\t\t<\/div>\n\t\t\t\t\t<\/div>\n\t\t\t\t\t<\/div>\n\t\t\t\t<\/div>\n\t\t\t\t<\/div>\n\t\t<div class=\"elementor-element elementor-element-deca7d1 e-con-full e-flex e-con e-child\" data-id=\"deca7d1\" data-element_type=\"container\">\n\t\t\t\t<div class=\"elementor-element elementor-element-48e50a1 elementor-widget elementor-widget-thim-ekits-accordion\" data-id=\"48e50a1\" data-element_type=\"widget\" data-widget_type=\"thim-ekits-accordion.default\">\n\t\t\t\t<div class=\"elementor-widget-container\">\n\t\t\t\t\t\n\t\t<div id=\"thim-accordions-48e50a1\" class=\"thim-ekit-tablist\">\n\t\t\t<div class=\"thim-accordion-sections\" role=\"tablist\">\n\t\t\t\t\n\t\t\t\t\t<div class=\"accordion-section\">\n\t\t\t\t\t\t<div class=\"accordion-title\" aria-selected=\"true\" role=\"tab\" tabindex=\"0\" aria-controls=\"item-acc-48e50a1-1\">\n\t\t\t\t\t\t\tVan idegenvezet\u0151?\t\t\t\t\t\t\t\t<span class=\"accordion-icon\">\n\t\t\t\t\t\t\t\t\t<span\n\t\t\t\t\t\t\t\t\t\tclass=\"accordion-icon-closed\"><svg xmlns=\"http:\/\/www.w3.org\/2000\/svg\" width=\"12\" height=\"7\" viewbox=\"0 0 12 7\" fill=\"none\"><path d=\"M1 6L6 1L11 6\" stroke=\"#121212\" stroke-width=\"1.5\" stroke-linecap=\"round\" stroke-linejoin=\"round\"><\/path><\/svg><\/span>\n\t\t\t\t\t\t\t\t\t<span\n\t\t\t\t\t\t\t\t\t\tclass=\"accordion-icon-opened\"><svg xmlns=\"http:\/\/www.w3.org\/2000\/svg\" width=\"12\" height=\"7\" viewbox=\"0 0 12 7\" fill=\"none\"><path d=\"M11 1L6 6L1 1\" stroke=\"#121212\" stroke-width=\"1.5\" stroke-linecap=\"round\" stroke-linejoin=\"round\"><\/path><\/svg><\/span>\n\t\t\t\t\t\t\t\t<\/span>\n\t\t\t\t\t\t\t\t\t\t\t\t\t<\/div>\n\n\t\t\t\t\t\t<div class=\"accordion-content\" id=\"item-acc-48e50a1-1\"\n\t\t\t\t\t\t\t role=\"tabpanel\"\n\t\t\t\t\t\t\t aria-labelledby=\"item-acc-48e50a1-1\"\n\t\t\t\t\t\t\t tabindex=\"0\" >\n\t\t\t\t\t\t\t<p>Nincs, viszont az aut\u00f3buszunk az eg\u00e9sz utaz\u00e1ss alatt kint marad a sof\u0151rrel.<\/p>\t\t\t\t\t\t<\/div>\n\t\t\t\t\t<\/div>\n\n\t\t\t\t\n\t\t\t\t\t<div class=\"accordion-section\">\n\t\t\t\t\t\t<div class=\"accordion-title\" aria-selected=\"false\" role=\"tab\" tabindex=\"-1\" aria-controls=\"item-acc-48e50a1-2\">\n\t\t\t\t\t\t\tHogyan t\u00f6rt\u00e9nik a fizet\u00e9s?\t\t\t\t\t\t\t\t<span class=\"accordion-icon\">\n\t\t\t\t\t\t\t\t\t<span\n\t\t\t\t\t\t\t\t\t\tclass=\"accordion-icon-closed\"><svg xmlns=\"http:\/\/www.w3.org\/2000\/svg\" width=\"12\" height=\"7\" viewbox=\"0 0 12 7\" fill=\"none\"><path d=\"M1 6L6 1L11 6\" stroke=\"#121212\" stroke-width=\"1.5\" stroke-linecap=\"round\" stroke-linejoin=\"round\"><\/path><\/svg><\/span>\n\t\t\t\t\t\t\t\t\t<span\n\t\t\t\t\t\t\t\t\t\tclass=\"accordion-icon-opened\"><svg xmlns=\"http:\/\/www.w3.org\/2000\/svg\" width=\"12\" height=\"7\" viewbox=\"0 0 12 7\" fill=\"none\"><path d=\"M11 1L6 6L1 1\" stroke=\"#121212\" stroke-width=\"1.5\" stroke-linecap=\"round\" stroke-linejoin=\"round\"><\/path><\/svg><\/span>\n\t\t\t\t\t\t\t\t<\/span>\n\t\t\t\t\t\t\t\t\t\t\t\t\t<\/div>\n\n\t\t\t\t\t\t<div class=\"accordion-content\" id=\"item-acc-48e50a1-2\"\n\t\t\t\t\t\t\t role=\"tabpanel\"\n\t\t\t\t\t\t\t aria-labelledby=\"item-acc-48e50a1-2\"\n\t\t\t\t\t\t\t tabindex=\"-1\" hidden>\n\t\t\t\t\t\t\t<p>Elfogadunk k\u00e9szp\u00e9nzt illetve banki \u00e1tutal\u00e1st el\u0151re.<\/p>\t\t\t\t\t\t<\/div>\n\t\t\t\t\t<\/div>\n\n\t\t\t\t\t\t\t<\/div>\n\t\t\t\t\t<\/div>\n\t\t\t\t\t<\/div>\n\t\t\t\t<\/div>\n\t\t\t\t<\/div>\n\t\t\t\t\t<\/div>\n\t\t\t\t<\/div>\n\t\t<div class=\"elementor-element elementor-element-c2db6bc e-flex e-con-boxed e-con e-parent\" data-id=\"c2db6bc\" data-element_type=\"container\" data-settings=\"{&quot;background_background&quot;:&quot;classic&quot;}\">\n\t\t\t\t\t<div class=\"e-con-inner\">\n\t\t<div class=\"elementor-element elementor-element-833c529 e-con-full e-flex e-con e-child\" data-id=\"833c529\" data-element_type=\"container\" data-settings=\"{&quot;background_background&quot;:&quot;classic&quot;}\">\n\t\t\t\t<div class=\"elementor-element elementor-element-bfc3e91 elementor-widget elementor-widget-thim-ekits-heading\" data-id=\"bfc3e91\" data-element_type=\"widget\" data-widget_type=\"thim-ekits-heading.default\">\n\t\t\t\t<div class=\"elementor-widget-container\">\n\t\t\t\t\t<div class=\"thim-ekits-heading thim-ekit__heading\"><h5 class=\"title\">Nem tal\u00e1lja amit keres?<\/h5><p class=\"sub-heading\">Nem tal\u00e1lja a keresett v\u00e1laszt?  K\u00e9rj\u00fck, \u00edrjon \u00fczenetet, \u00e9s amint tudunk v\u00e1laszolunk \u00d6nnek!<\/p><\/div>\t\t\t\t<\/div>\n\t\t\t\t<\/div>\n\t\t\t\t<div class=\"elementor-element elementor-element-c43c1a4 elementor-widget elementor-widget-button\" data-id=\"c43c1a4\" data-element_type=\"widget\" data-widget_type=\"button.default\">\n\t\t\t\t<div class=\"elementor-widget-container\">\n\t\t\t\t\t\t\t\t\t<div class=\"elementor-button-wrapper\">\n\t\t\t\t\t<a class=\"elementor-button elementor-button-link elementor-size-sm\" href=\"\/hu\/main-demo\/contact-us\/\">\n\t\t\t\t\t\t<span class=\"elementor-button-content-wrapper\">\n\t\t\t\t\t\t\t\t\t<span class=\"elementor-button-text\">\u00edrjon nek\u00fcnk most<\/span>\n\t\t\t\t\t<\/span>\n\t\t\t\t\t<\/a>\n\t\t\t\t<\/div>\n\t\t\t\t\t\t\t\t<\/div>\n\t\t\t\t<\/div>\n\t\t\t\t<\/div>\n\t\t\t\t\t<\/div>\n\t\t\t\t<\/div>\n\t\t\t\t<\/div>","protected":false},"excerpt":{"rendered":"<p>Home<br \/>\nGyakran Ism\u00e9telt K\u00e9rd\u00e9sek<br \/>\nMinden gyakran feltett k\u00e9rd\u00e9sre itt v\u00e1laszt tal\u00e1l!<br \/>\n\t\t\t\t\t\t\tSz\u00e1ll\u00e1s int\u00e9z\u00e9s\u00e9ben seg\u00edtenek-e?<\/p>\n<p>\nA sz\u00e1ll\u00e1st c\u00e9g\u00fcnk int\u00e9zi, viszont ha \u00d6n akarja mag\u00e1nak, akkor megadjuk a kontaktot \u00e9s <\/p>","protected":false},"author":1,"featured_media":0,"parent":0,"menu_order":0,"comment_status":"closed","ping_status":"closed","template":"elementor_header_footer","meta":{"om_disable_all_campaigns":false,"_monsterinsights_skip_tracking":false,"_monsterinsights_sitenote_active":false,"_monsterinsights_sitenote_note":"","_monsterinsights_sitenote_category":0,"footnotes":""},"class_list":["post-11201","page","type-page","status-publish","hentry"],"aioseo_notices":[],"jetpack_sharing_enabled":true,"_links":{"self":[{"href":"https:\/\/susitranszfer.hu\/hu\/wp-json\/wp\/v2\/pages\/11201","targetHints":{"allow":["GET"]}}],"collection":[{"href":"https:\/\/susitranszfer.hu\/hu\/wp-json\/wp\/v2\/pages"}],"about":[{"href":"https:\/\/susitranszfer.hu\/hu\/wp-json\/wp\/v2\/types\/page"}],"author":[{"embeddable":true,"href":"https:\/\/susitranszfer.hu\/hu\/wp-json\/wp\/v2\/users\/1"}],"replies":[{"embeddable":true,"href":"https:\/\/susitranszfer.hu\/hu\/wp-json\/wp\/v2\/comments?post=11201"}],"version-history":[{"count":15,"href":"https:\/\/susitranszfer.hu\/hu\/wp-json\/wp\/v2\/pages\/11201\/revisions"}],"predecessor-version":[{"id":12230,"href":"https:\/\/susitranszfer.hu\/hu\/wp-json\/wp\/v2\/pages\/11201\/revisions\/12230"}],"wp:attachment":[{"href":"https:\/\/susitranszfer.hu\/hu\/wp-json\/wp\/v2\/media?parent=11201"}],"curies":[{"name":"wp","href":"https:\/\/api.w.org\/{rel}","templated":true}]}}