{"id":11127,"date":"2024-09-19T06:08:56","date_gmt":"2024-09-19T02:08:56","guid":{"rendered":"https:\/\/travelwp.physcode.com\/main-demo\/?page_id=11127"},"modified":"2025-04-24T16:11:55","modified_gmt":"2025-04-24T16:11:55","slug":"kapcsolat","status":"publish","type":"page","link":"https:\/\/susitranszfer.hu\/hu\/kapcsolat\/","title":{"rendered":"Kapcsolat"},"content":{"rendered":"<div data-elementor-type=\"wp-page\" data-elementor-id=\"11127\" class=\"elementor elementor-11127\" data-elementor-post-type=\"page\">\n\t\t\t\t<div class=\"elementor-element elementor-element-697229d e-flex e-con-boxed e-con e-parent\" data-id=\"697229d\" data-element_type=\"container\">\n\t\t\t\t\t<div class=\"e-con-inner\">\n\t\t\t\t<div class=\"elementor-element elementor-element-b9d17b9 elementor-widget elementor-widget-thim-ekits-breadcrumb\" data-id=\"b9d17b9\" data-element_type=\"widget\" data-widget_type=\"thim-ekits-breadcrumb.default\">\n\t\t\t\t<div class=\"elementor-widget-container\">\n\t\t\t\t\t\n\t\t\t<div class=\"thim-ekit-breadcrumb\">\n\n\t\t\t\tHome\n\t\t\t<\/div>\n\n\t\t\t\t\t\t\t<\/div>\n\t\t\t\t<\/div>\n\t\t\t\t<div class=\"elementor-element elementor-element-6df3877 elementor-widget__width-initial elementor-widget elementor-widget-thim-ekits-heading\" data-id=\"6df3877\" data-element_type=\"widget\" data-widget_type=\"thim-ekits-heading.default\">\n\t\t\t\t<div class=\"elementor-widget-container\">\n\t\t\t\t\t<div class=\"thim-ekits-heading thim-ekit__heading\"><h3 class=\"title\">Kapcsolat<\/h3><\/div>\t\t\t\t<\/div>\n\t\t\t\t<\/div>\n\t\t\t\t\t<\/div>\n\t\t\t\t<\/div>\n\t\t\t\t<section class=\"elementor-section elementor-top-section elementor-element elementor-element-12cec6f elementor-section-boxed elementor-section-height-default elementor-section-height-default\" data-id=\"12cec6f\" data-element_type=\"section\">\n\t\t\t\t\t\t<div class=\"elementor-container elementor-column-gap-no\">\n\t\t\t\t\t<div class=\"elementor-column elementor-col-33 elementor-top-column elementor-element elementor-element-a7e001f\" data-id=\"a7e001f\" data-element_type=\"column\">\n\t\t\t<div class=\"elementor-widget-wrap elementor-element-populated\">\n\t\t\t\t\t\t<div class=\"elementor-element elementor-element-3763a70 elementor-widget elementor-widget-thim-ekits-icon-box\" data-id=\"3763a70\" data-element_type=\"widget\" data-widget_type=\"thim-ekits-icon-box.default\">\n\t\t\t\t<div class=\"elementor-widget-container\">\n\t\t\t\t\t<div class=\"ekits-iconbox iconbox-top\"><div class=\"boxes-icon\"><img decoding=\"async\" src=\"https:\/\/susitranszfer.hu\/wp-content\/uploads\/2023\/08\/envelope-1.png\" title=\"envelope 1\" alt=\"envelope 1\" loading=\"lazy\" \/><\/div><div class=\"content-inner thim-ekits-heading\"><h3 class=\"title\">Email<\/h3>\t\t\t<div class='desc'>\n\t\t\t\t<p>\u00cdrj nek\u00fcnk ha k\u00e9rd\u00e9sed lenne...<\/p>\t\t\t<\/div>\n\t\t<div class=\"iconbox-read\"><a href=\"mailto:hello@susitranszfer.hu\" target=\"_blank\" rel=\"nofollow\">hello@susitranszfer.hu<\/a><\/div><\/div><\/div>\t\t\t\t<\/div>\n\t\t\t\t<\/div>\n\t\t\t\t\t<\/div>\n\t\t<\/div>\n\t\t\t\t<div class=\"elementor-column elementor-col-33 elementor-top-column elementor-element elementor-element-0867053\" data-id=\"0867053\" data-element_type=\"column\">\n\t\t\t<div class=\"elementor-widget-wrap elementor-element-populated\">\n\t\t\t\t\t\t<div class=\"elementor-element elementor-element-8e92e16 elementor-widget elementor-widget-thim-ekits-icon-box\" data-id=\"8e92e16\" data-element_type=\"widget\" data-widget_type=\"thim-ekits-icon-box.default\">\n\t\t\t\t<div class=\"elementor-widget-container\">\n\t\t\t\t\t<div class=\"ekits-iconbox iconbox-top\"><div class=\"boxes-icon\"><img decoding=\"async\" src=\"https:\/\/susitranszfer.hu\/wp-content\/uploads\/2023\/08\/call-1.png\" title=\"call 1\" alt=\"call 1\" loading=\"lazy\" \/><\/div><div class=\"content-inner thim-ekits-heading\"><h3 class=\"title\">H\u00edvj minket!<\/h3>\t\t\t<div class='desc'>\n\t\t\t\t<p>K\u00e9rd\u00e9sed van? Viberen \u00e9s WhatsApp-on is megtal\u00e1lsz minket!<\/p>\t\t\t<\/div>\n\t\t<div class=\"iconbox-read\"><a href=\"#\" target=\"_blank\" rel=\"nofollow\">+36 70 576 1774<\/a><\/div><\/div><\/div>\t\t\t\t<\/div>\n\t\t\t\t<\/div>\n\t\t\t\t\t<\/div>\n\t\t<\/div>\n\t\t\t\t<div class=\"elementor-column elementor-col-33 elementor-top-column elementor-element elementor-element-cd500e9\" data-id=\"cd500e9\" data-element_type=\"column\">\n\t\t\t<div class=\"elementor-widget-wrap elementor-element-populated\">\n\t\t\t\t\t\t<div class=\"elementor-element elementor-element-d673f32 elementor-widget elementor-widget-thim-ekits-icon-box\" data-id=\"d673f32\" data-element_type=\"widget\" data-widget_type=\"thim-ekits-icon-box.default\">\n\t\t\t\t<div class=\"elementor-widget-container\">\n\t\t\t\t\t<div class=\"ekits-iconbox iconbox-top\"><div class=\"boxes-icon\"><img decoding=\"async\" src=\"https:\/\/susitranszfer.hu\/wp-content\/uploads\/2023\/08\/location.svg\" title=\"location\" alt=\"location\" loading=\"lazy\" \/><\/div><div class=\"content-inner thim-ekits-heading\"><h3 class=\"title\">Honnan indulunk?<\/h3>\t\t\t<div class='desc'>\n\t\t\t\t<p>Buszj\u00e1rataink minden h\u00e9ten p\u00e9nteken indulnak a Penny Parkol\u00f3b\u00f3l a buszp\u00e1lyaudvar mellett!<\/p>\t\t\t<\/div>\n\t\t<div class=\"iconbox-read\"><a href=\"#\" target=\"_blank\" rel=\"nofollow\">\u00datvonaltervez\u00e9s<\/a><\/div><\/div><\/div>\t\t\t\t<\/div>\n\t\t\t\t<\/div>\n\t\t\t\t\t<\/div>\n\t\t<\/div>\n\t\t\t\t\t<\/div>\n\t\t<\/section>\n\t\t<div class=\"elementor-element elementor-element-596726c e-flex e-con-boxed e-con e-parent\" data-id=\"596726c\" data-element_type=\"container\">\n\t\t\t\t\t<div class=\"e-con-inner\">\n\t\t<div class=\"elementor-element elementor-element-d4fdcab e-con-full e-flex e-con e-child\" data-id=\"d4fdcab\" data-element_type=\"container\" data-settings=\"{&quot;background_background&quot;:&quot;classic&quot;}\">\n\t\t<div class=\"elementor-element elementor-element-1bd8d61 e-con-full e-flex e-con e-child\" data-id=\"1bd8d61\" data-element_type=\"container\">\n\t\t\t\t<div class=\"elementor-element elementor-element-a08143a elementor-widget__width-initial elementor-widget elementor-widget-thim-ekits-heading\" data-id=\"a08143a\" data-element_type=\"widget\" data-widget_type=\"thim-ekits-heading.default\">\n\t\t\t\t<div class=\"elementor-widget-container\">\n\t\t\t\t\t<div class=\"thim-ekits-heading thim-ekit__heading\"><h3 class=\"title\">Vedd fel vel\u00fcnk a kapcsolatot<\/h3>\t\t\t<div class='desc'>\n\t\t\t\t<p>Vegye fel vel\u00fcnk a kapcsolatot, \u00e9s koll\u00e9g\u00e1nk minn\u00e9l hamarabb igyekszik v\u00e1laszolni \u00d6nnek!<\/p>\t\t\t<\/div>\n\t\t<\/div>\t\t\t\t<\/div>\n\t\t\t\t<\/div>\n\t\t\t\t<\/div>\n\t\t<div class=\"elementor-element elementor-element-62de8ba e-con-full e-flex e-con e-child\" data-id=\"62de8ba\" data-element_type=\"container\">\n\t\t\t\t<div class=\"elementor-element elementor-element-48abbf2 elementor-widget elementor-widget-thim-ekits-contact-form-7\" data-id=\"48abbf2\" data-element_type=\"widget\" data-widget_type=\"thim-ekits-contact-form-7.default\">\n\t\t\t\t<div class=\"elementor-widget-container\">\n\t\t\t\t\t\t\t\t<div class=\"thim-ekit-wpcf7\">\n\t\t\t\t\n<div class=\"wpcf7 no-js\" id=\"wpcf7-f2988-o1\" lang=\"en-US\" dir=\"ltr\" data-wpcf7-id=\"2988\">\n<div class=\"screen-reader-response\"><p role=\"status\" aria-live=\"polite\" aria-atomic=\"true\"><\/p> <ul><\/ul><\/div>\n<form action=\"\/hu\/wp-json\/wp\/v2\/pages\/11127#wpcf7-f2988-o1\" method=\"post\" class=\"wpcf7-form init\" aria-label=\"Contact form\" novalidate=\"novalidate\" data-status=\"init\" data-trp-original-action=\"\/hu\/wp-json\/wp\/v2\/pages\/11127#wpcf7-f2988-o1\">\n<fieldset class=\"hidden-fields-container\"><input type=\"hidden\" name=\"_wpcf7\" value=\"2988\" \/><input type=\"hidden\" name=\"_wpcf7_version\" value=\"6.1.4\" \/><input type=\"hidden\" name=\"_wpcf7_locale\" value=\"en_US\" \/><input type=\"hidden\" name=\"_wpcf7_unit_tag\" value=\"wpcf7-f2988-o1\" \/><input type=\"hidden\" name=\"_wpcf7_container_post\" value=\"0\" \/><input type=\"hidden\" name=\"_wpcf7_posted_data_hash\" value=\"\" \/>\n<\/fieldset>\n<div class=\"form-contact-wp\">\n\t<div class=\"field-form\">\n\t\t<p><label for=\"name-cr\">Teljes N\u00e9v<\/label><br \/>\n<span class=\"wpcf7-form-control-wrap\" data-name=\"name-345\"><input size=\"40\" maxlength=\"400\" class=\"wpcf7-form-control wpcf7-text wpcf7-validates-as-required\" id=\"name-cr\" aria-required=\"true\" aria-invalid=\"false\" placeholder=\"A teljes neve\" value=\"\" type=\"text\" name=\"name-345\" \/><\/span>\n\t\t<\/p>\n\t<\/div>\n\t<div class=\"field-form\">\n\t\t<p><label for=\"email-cr\">Email-c\u00edm<\/label><br \/>\n<span class=\"wpcf7-form-control-wrap\" data-name=\"email-567\"><input size=\"40\" maxlength=\"400\" class=\"wpcf7-form-control wpcf7-email wpcf7-validates-as-required wpcf7-text wpcf7-validates-as-email\" id=\"email-cr\" aria-required=\"true\" aria-invalid=\"false\" placeholder=\"Email-c\u00edme\" value=\"\" type=\"email\" name=\"email-567\" \/><\/span>\n\t\t<\/p>\n\t<\/div>\n\t<div class=\"field-form\">\n\t\t<p><label for=\"textarea-cr\">Miben seg\u00edthet\u00fcnk?<\/label><br \/>\n<span class=\"wpcf7-form-control-wrap\" data-name=\"textarea-886\"><textarea cols=\"40\" rows=\"10\" maxlength=\"2000\" class=\"wpcf7-form-control wpcf7-textarea wpcf7-validates-as-required\" id=\"textarea-cr\" aria-required=\"true\" aria-invalid=\"false\" placeholder=\"\" name=\"textarea-886\"><\/textarea><\/span>\n\t\t<\/p>\n\t<\/div>\n\t<p><input class=\"wpcf7-form-control wpcf7-submit has-spinner bt-send-contact\" type=\"submit\" value=\"K\u00fcld\u00e9s\" \/>\n\t<\/p>\n<\/div><p style=\"display: none !important;\" class=\"akismet-fields-container\" data-prefix=\"_wpcf7_ak_\"><label>&#916;<textarea name=\"_wpcf7_ak_hp_textarea\" cols=\"45\" rows=\"8\" maxlength=\"100\"><\/textarea><\/label><input type=\"hidden\" id=\"ak_js_1\" name=\"_wpcf7_ak_js\" value=\"143\"\/><script>document.getElementById( \"ak_js_1\" ).setAttribute( \"value\", ( new Date() ).getTime() );<\/script><\/p><div class=\"wpcf7-response-output\" aria-hidden=\"true\"><\/div>\n<input type=\"hidden\" name=\"trp-form-language\" value=\"hu\"\/><\/form>\n<\/div>\n\t\t\t<\/div>\n\t\t\t\t\t\t<\/div>\n\t\t\t\t<\/div>\n\t\t\t\t<\/div>\n\t\t\t\t<\/div>\n\t\t\t\t\t<\/div>\n\t\t\t\t<\/div>\n\t\t<div class=\"elementor-element elementor-element-2a841a2 e-flex e-con-boxed e-con e-parent\" data-id=\"2a841a2\" data-element_type=\"container\">\n\t\t\t\t\t<div class=\"e-con-inner\">\n\t\t<div class=\"elementor-element elementor-element-fdbb200 e-con-full e-flex e-con e-child\" data-id=\"fdbb200\" data-element_type=\"container\">\n\t\t\t\t<div class=\"elementor-element elementor-element-a9f33cf elementor-widget elementor-widget-google_maps\" data-id=\"a9f33cf\" data-element_type=\"widget\" data-widget_type=\"google_maps.default\">\n\t\t\t\t<div class=\"elementor-widget-container\">\n\t\t\t\t\t\t\t<div class=\"elementor-custom-embed\">\n\t\t\t<iframe loading=\"lazy\"\n\t\t\t\t\tsrc=\"https:\/\/maps.google.com\/maps?q=B%C3%A9k%C3%A9scsaba&#038;t=m&#038;z=10&#038;output=embed&#038;iwloc=near\"\n\t\t\t\t\ttitle=\"B\u00e9k\u00e9scsaba\"\n\t\t\t\t\taria-label=\"B\u00e9k\u00e9scsaba\"\n\t\t\t><\/iframe>\n\t\t<\/div>\n\t\t\t\t\t\t<\/div>\n\t\t\t\t<\/div>\n\t\t\t\t<\/div>\n\t\t<div class=\"elementor-element elementor-element-db788a1 e-con-full e-flex e-con e-child\" data-id=\"db788a1\" data-element_type=\"container\">\n\t\t\t\t<div class=\"elementor-element elementor-element-645329d elementor-widget elementor-widget-thim-ekits-heading\" data-id=\"645329d\" data-element_type=\"widget\" data-widget_type=\"thim-ekits-heading.default\">\n\t\t\t\t<div class=\"elementor-widget-container\">\n\t\t\t\t\t<div class=\"thim-ekits-heading thim-ekit__heading\"><h4 class=\"title\">Suhadja L\u00e1szl\u00f3 E.V.<\/h4>\t\t\t<div class='desc'>\n\t\t\t\t<ul><li><strong>Phone:\u00a0 +36 70 576 1774<\/strong><br \/><div class=\"x9f619 x1ja2u2z x78zum5 x2lah0s x1n2onr6 x1nhvcw1 x1qjc9v5 xozqiw3 x1q0g3np xyamay9 xykv574 xbmpl8g x4cne27 xifccgj\">\u00a0<\/div><\/li><li><strong>Email:<\/strong>\u00a0 hello@susitranszfer.hu<\/li><\/ul>\t\t\t<\/div>\n\t\t<\/div>\t\t\t\t<\/div>\n\t\t\t\t<\/div>\n\t\t\t\t<div class=\"elementor-element elementor-element-8925888 e-grid-align-left elementor-shape-rounded elementor-grid-0 elementor-widget elementor-widget-social-icons\" data-id=\"8925888\" data-element_type=\"widget\" data-widget_type=\"social-icons.default\">\n\t\t\t\t<div class=\"elementor-widget-container\">\n\t\t\t\t\t\t\t<div class=\"elementor-social-icons-wrapper elementor-grid\">\n\t\t\t\t\t\t\t<span class=\"elementor-grid-item\">\n\t\t\t\t\t<a class=\"elementor-icon elementor-social-icon elementor-social-icon-facebook elementor-repeater-item-08cf00c\" href=\"https:\/\/www.facebook.com\/profile.php?id=61574976942215\" target=\"_blank\">\n\t\t\t\t\t\t<span class=\"elementor-screen-only\">Facebook<\/span>\n\t\t\t\t\t\t<i aria-hidden=\"true\" class=\"fab fa-facebook\"><\/i>\t\t\t\t\t<\/a>\n\t\t\t\t<\/span>\n\t\t\t\t\t<\/div>\n\t\t\t\t\t\t<\/div>\n\t\t\t\t<\/div>\n\t\t\t\t<\/div>\n\t\t\t\t\t<\/div>\n\t\t\t\t<\/div>\n\t\t\t\t<\/div>","protected":false},"excerpt":{"rendered":"<p>Home<br \/>\nKapcsolat<\/p>\n<p>Email<br \/>\n\u00cdrj nek\u00fcnk ha k\u00e9rd\u00e9sed lenne&#8230;<br \/>\n\t\thello@susitranszfer.hu<\/p>\n<p>H\u00edvj minket!<br \/>\nK\u00e9rd\u00e9sed van? Viberen \u00e9s WhatsApp-on is megtal\u00e1lsz minket!<br \/>\n\t\t+36 70 576 1774<\/p>\n<p>Honnan indulunk?<br \/>\nBuszj\u00e1rataink minden <\/p>","protected":false},"author":1,"featured_media":0,"parent":0,"menu_order":0,"comment_status":"closed","ping_status":"closed","template":"elementor_header_footer","meta":{"om_disable_all_campaigns":false,"_monsterinsights_skip_tracking":false,"_monsterinsights_sitenote_active":false,"_monsterinsights_sitenote_note":"","_monsterinsights_sitenote_category":0,"footnotes":""},"class_list":["post-11127","page","type-page","status-publish","hentry"],"aioseo_notices":[],"jetpack_sharing_enabled":true,"_links":{"self":[{"href":"https:\/\/susitranszfer.hu\/hu\/wp-json\/wp\/v2\/pages\/11127","targetHints":{"allow":["GET"]}}],"collection":[{"href":"https:\/\/susitranszfer.hu\/hu\/wp-json\/wp\/v2\/pages"}],"about":[{"href":"https:\/\/susitranszfer.hu\/hu\/wp-json\/wp\/v2\/types\/page"}],"author":[{"embeddable":true,"href":"https:\/\/susitranszfer.hu\/hu\/wp-json\/wp\/v2\/users\/1"}],"replies":[{"embeddable":true,"href":"https:\/\/susitranszfer.hu\/hu\/wp-json\/wp\/v2\/comments?post=11127"}],"version-history":[{"count":25,"href":"https:\/\/susitranszfer.hu\/hu\/wp-json\/wp\/v2\/pages\/11127\/revisions"}],"predecessor-version":[{"id":12169,"href":"https:\/\/susitranszfer.hu\/hu\/wp-json\/wp\/v2\/pages\/11127\/revisions\/12169"}],"wp:attachment":[{"href":"https:\/\/susitranszfer.hu\/hu\/wp-json\/wp\/v2\/media?parent=11127"}],"curies":[{"name":"wp","href":"https:\/\/api.w.org\/{rel}","templated":true}]}}